{"id":97,"date":"2023-09-11T00:14:54","date_gmt":"2023-09-10T22:14:54","guid":{"rendered":"https:\/\/nanejeanluc-vezinet.fr\/?page_id=97"},"modified":"2025-10-27T19:13:02","modified_gmt":"2025-10-27T18:13:02","slug":"animations","status":"publish","type":"page","link":"https:\/\/nanejeanluc-vezinet.fr\/index.php\/animations\/","title":{"rendered":"Animations"},"content":{"rendered":"\n<h3 class=\"wp-block-heading\">Comme un galet poli par le temps, le soleil et les vents, le conte a roul\u00e9 de bouches \u00e0 oreilles, ricoch\u00e9 sur les rives du monde. Il en a vu et entendu de toutes les couleurs. L\u00e0 est sa beaut\u00e9. &nbsp; &nbsp;&nbsp;&nbsp;&nbsp;&nbsp;&nbsp;&nbsp;&nbsp;&nbsp;&nbsp;&nbsp;&nbsp;&nbsp;<\/h3>\n\n\n\n<p>Apr\u00e8s avoir poursuivi notre formation aupr\u00e8s de conteurs reconnus, Nane s&rsquo;est form\u00e9e aux ateliers d&rsquo;\u00e9criture avec l&rsquo;\u00e9crivaine Rolande Causse.<\/p>\n\n\n\n<p>Cette solide pratique nous a permis d&rsquo;\u00eatre \u00e0 notre tour responsables de stages notamment \u00e0 l&rsquo;UPT et la BDP du Tarn (o\u00f9 nous avons assur\u00e9 une formation \u00e0 l&rsquo;art de conter pour des biblioth\u00e9caires et des travailleurs sociaux.) et intervenants culturels ce qui nous a amen\u00e9 jusqu&rsquo;\u00e0 Montreuil (93) o\u00f9 nous sommes intervenus plusieurs fois dans les centres de loisirs de la ville.&nbsp;<\/p>\n\n\n\n<p>Nane a \u00e9t\u00e9 charg\u00e9e de formations \u00e0 l&rsquo;art de conter et \u00e0 la pratique des ateliers d&rsquo;\u00e9criture \u00e0 l&rsquo;\u00e9cole d&rsquo;\u00e9ducateurs de Saint Simon \u00e0 Toulouse ainsi que dans la formation continue des orthophonistes (Universit\u00e9 du Mirail) et \u00e0 l&rsquo;AFREFI-C\u00e9phe\u00efde (association de formation et de recherche). Elle a assur\u00e9 des ateliers de lecture-\u00e9criture en \u00e9cole primaire et anim\u00e9 des ateliers d&rsquo;\u00e9criture pour adultes, notamment \u00e0 l&rsquo;association <em>Paroles de femmes<\/em> de Gaillac.<\/p>\n\n\n\n<p>Jean-Luc de son c\u00f4t\u00e9 a \u00e9t\u00e9 pendant plusieurs ann\u00e9es coordinateur et animateur d&rsquo;un atelier de pratique artistique \u00ab\u00a0<em>Le conte entre dire, lire, \u00e9crire<\/em>\u00a0\u00bb au coll\u00e8ge o\u00f9 il enseignait.<\/p>\n\n\n\n<p>Nous pouvons donc proposer:<\/p>\n\n\n\n<p class=\"has-large-font-size\">En milieu scolaire:<\/p>\n\n\n\n<p>&nbsp; &nbsp; &nbsp; &nbsp; &nbsp; &nbsp; &nbsp; &nbsp; &nbsp; &nbsp; &nbsp; &nbsp; &nbsp; &nbsp; &nbsp;&nbsp; &#8211; S\u00e9ances de contes.<\/p>\n\n\n\n<p>&nbsp; &nbsp; &nbsp; &nbsp; &nbsp; &nbsp; &nbsp; &nbsp; &nbsp; &nbsp; &nbsp; &nbsp; &nbsp; &nbsp; &nbsp;&nbsp; -Travail interactif autour de nos ouvrages.<\/p>\n\n\n\n<h4 class=\"wp-block-heading\">Pour tout public:<\/h4>\n\n\n\n<p>&nbsp; &nbsp; &nbsp; &nbsp; &nbsp; &nbsp; &nbsp; &nbsp; &nbsp; &nbsp; &nbsp; &nbsp; &nbsp; &nbsp; &#8211; Initiation et perfectionnement \u00e0 l&rsquo;art de conter.<\/p>\n\n\n\n<p>&nbsp; &nbsp; &nbsp; &nbsp; &nbsp; &nbsp; &nbsp; &nbsp; &nbsp; &nbsp; &nbsp; &nbsp; &nbsp; &nbsp; &#8211; Ateliers d&rsquo;\u00e9criture.<\/p>\n\n\n\n<h4 class=\"wp-block-heading\">Et pourquoi pas ?<\/h4>\n\n\n\n<div class=\"wp-block-columns is-layout-flex wp-container-core-columns-is-layout-28f84493 wp-block-columns-is-layout-flex\">\n<div class=\"wp-block-column is-layout-flow wp-block-column-is-layout-flow\">\n<figure class=\"wp-block-image size-full\"><img loading=\"lazy\" decoding=\"async\" width=\"772\" height=\"906\" src=\"https:\/\/nanejeanluc-vezinet.fr\/wp-content\/uploads\/2024\/03\/maquette-amours-2.png\" alt=\"\" class=\"wp-image-195\" srcset=\"https:\/\/nanejeanluc-vezinet.fr\/wp-content\/uploads\/2024\/03\/maquette-amours-2.png 772w, https:\/\/nanejeanluc-vezinet.fr\/wp-content\/uploads\/2024\/03\/maquette-amours-2-256x300.png 256w, https:\/\/nanejeanluc-vezinet.fr\/wp-content\/uploads\/2024\/03\/maquette-amours-2-768x901.png 768w\" sizes=\"auto, (max-width: 772px) 100vw, 772px\" \/><\/figure>\n<\/div>\n\n\n\n<div class=\"wp-block-column is-layout-flow wp-block-column-is-layout-flow\">\n<p><strong>Amours et d\u00e9samours<\/strong><\/p>\n\n\n\n<p>Ce th\u00e8me de notre nouveau spectacle est vieux comme le monde et les contes en ont entendu de toutes les couleurs. Nous en avons r\u00e9colt\u00e9 quelques uns savoureux et parfois surprenants.                                    Nous nous ferons un plaisir de les partager avec vous.  <\/p>\n\n\n\n<p>Alors laissez-vous en conter&#8230;<\/p>\n\n\n\n<p><\/p>\n<\/div>\n<\/div>\n\n\n\n<div class=\"wp-block-columns is-layout-flex wp-container-core-columns-is-layout-28f84493 wp-block-columns-is-layout-flex\">\n<div class=\"wp-block-column is-layout-flow wp-block-column-is-layout-flow\">\n<figure class=\"wp-block-image size-large\"><img loading=\"lazy\" decoding=\"async\" width=\"724\" height=\"1024\" src=\"https:\/\/nanejeanluc-vezinet.fr\/wp-content\/uploads\/2025\/03\/contes-poelitiques-affiche-2-1-724x1024.png\" alt=\"\" class=\"wp-image-290\" srcset=\"https:\/\/nanejeanluc-vezinet.fr\/wp-content\/uploads\/2025\/03\/contes-poelitiques-affiche-2-1-724x1024.png 724w, https:\/\/nanejeanluc-vezinet.fr\/wp-content\/uploads\/2025\/03\/contes-poelitiques-affiche-2-1-212x300.png 212w, https:\/\/nanejeanluc-vezinet.fr\/wp-content\/uploads\/2025\/03\/contes-poelitiques-affiche-2-1-768x1086.png 768w, https:\/\/nanejeanluc-vezinet.fr\/wp-content\/uploads\/2025\/03\/contes-poelitiques-affiche-2-1-1086x1536.png 1086w, https:\/\/nanejeanluc-vezinet.fr\/wp-content\/uploads\/2025\/03\/contes-poelitiques-affiche-2-1.png 1240w\" sizes=\"auto, (max-width: 724px) 100vw, 724px\" \/><\/figure>\n<\/div>\n\n\n\n<div class=\"wp-block-column is-layout-flow wp-block-column-is-layout-flow\">\n<p><\/p>\n\n\n\n<p><strong>Contes po\u00e9litiques<\/strong>.<\/p>\n\n\n\n<p><\/p>\n\n\n\n<p>Ces contes, d\u2019une \u00e9tonnante modernit\u00e9, pourtant inspir\u00e9s des r\u00e9pertoires traditionnels, se rient de la b\u00eatise et des puissants.<\/p>\n\n\n\n<p>Ils font la part belle aux petites gens et \u00e0 tous ceux qui r\u00eavent encore.<\/p>\n<\/div>\n<\/div>\n\n\n\n<div class=\"wp-block-columns is-layout-flex wp-container-core-columns-is-layout-28f84493 wp-block-columns-is-layout-flex\">\n<div class=\"wp-block-column is-layout-flow wp-block-column-is-layout-flow\">\n<figure class=\"wp-block-image size-full\"><img loading=\"lazy\" decoding=\"async\" width=\"761\" height=\"830\" src=\"https:\/\/nanejeanluc-vezinet.fr\/wp-content\/uploads\/2025\/10\/contes-vignerons-A4-92dpi-v5-2.jpg\" alt=\"\" class=\"wp-image-348\" srcset=\"https:\/\/nanejeanluc-vezinet.fr\/wp-content\/uploads\/2025\/10\/contes-vignerons-A4-92dpi-v5-2.jpg 761w, https:\/\/nanejeanluc-vezinet.fr\/wp-content\/uploads\/2025\/10\/contes-vignerons-A4-92dpi-v5-2-275x300.jpg 275w\" sizes=\"auto, (max-width: 761px) 100vw, 761px\" \/><\/figure>\n<\/div>\n\n\n\n<div class=\"wp-block-column is-layout-flow wp-block-column-is-layout-flow\">\n<p><strong>Contes vignerons.<\/strong><\/p>\n\n\n\n<p>Jadis seuls les Dieux connaissaient le vin. Mais ils s&rsquo;\u00e9taient bien gard\u00e9s d&rsquo;en r\u00e9v\u00e8ler le secret aux hommes.<\/p>\n\n\n\n<p>Pourtant un jour un homme d\u00e9couvrit de la vigne sauvage. Ainsi commen\u00e7a l&rsquo;aventure du vin sur terre&#8230;<\/p>\n\n\n\n<p>S&rsquo;ensuivirent alors de joyeuses p\u00e9rip\u00e9ties de par le Monde!<\/p>\n<\/div>\n<\/div>\n\n\n\n\n\n<div class=\"wp-block-columns is-layout-flex wp-container-core-columns-is-layout-28f84493 wp-block-columns-is-layout-flex\">\n<div class=\"wp-block-column is-layout-flow wp-block-column-is-layout-flow\">\n<figure class=\"wp-block-image size-full is-resized\"><img loading=\"lazy\" decoding=\"async\" width=\"226\" height=\"320\" src=\"https:\/\/nanejeanluc-vezinet.fr\/wp-content\/uploads\/2025\/10\/AFFICHE-VIEILLES-ET-ALORS.001-1.jpeg\" alt=\"\" class=\"wp-image-351\" style=\"width:313px;height:auto\" srcset=\"https:\/\/nanejeanluc-vezinet.fr\/wp-content\/uploads\/2025\/10\/AFFICHE-VIEILLES-ET-ALORS.001-1.jpeg 226w, https:\/\/nanejeanluc-vezinet.fr\/wp-content\/uploads\/2025\/10\/AFFICHE-VIEILLES-ET-ALORS.001-1-212x300.jpeg 212w\" sizes=\"auto, (max-width: 226px) 100vw, 226px\" \/><\/figure>\n<\/div>\n\n\n\n<div class=\"wp-block-column is-layout-flow wp-block-column-is-layout-flow\">\n<p><\/p>\n\n\n\n<p><\/p>\n\n\n\n<p><strong>Vieilles et alors.<\/strong><\/p>\n\n\n\n<p>Une conversation entre deux femmes bient\u00f4t octog\u00e9naires. Un grand \u00e2ge qu&rsquo;elles affrontent en osant le dire, le chanter et le danser!<\/p>\n\n\n\n<p>Un d\u00e9fi que ce sont donn\u00e9es Nane Vezinet et Betty Fournier, accompagn\u00e9es par l&rsquo;accord\u00e9on de Fan\u00e9ly Conte.<\/p>\n<\/div>\n<\/div>\n\n\n\n<p><strong>Cela peut-\u00eatre aussi:<\/strong><\/p>\n\n\n\n<p>&nbsp; &nbsp; &nbsp; &nbsp; &nbsp; &nbsp; &nbsp; &nbsp; &nbsp; &nbsp; &nbsp; &nbsp; &nbsp;&nbsp; &#8211; <strong>Un spectacle in\u00e9dit<\/strong> avec des contes pioch\u00e9s dans notre r\u00e9pertoire.<\/p>\n\n\n\n<p>&nbsp; &nbsp; &nbsp; &nbsp; &nbsp; &nbsp; &nbsp; &nbsp; &nbsp; &nbsp; &nbsp; &nbsp; &nbsp;&nbsp; &#8211; Une veill\u00e9e \u00e0 domicile, \u00e0 offrir \u00e0 votre entourage.<\/p>\n\n\n\n<h4 class=\"wp-block-heading\">Ou encore des conf\u00e9rences:<\/h4>\n\n\n\n<p>&nbsp; &nbsp; &nbsp; &nbsp; &nbsp; &nbsp; &nbsp; &nbsp; &nbsp; &nbsp; &nbsp; &nbsp; &nbsp; -ayant pour th\u00e8mes nos documentaires et les personnages de nos biographies. Ainsi que trois conf\u00e9rences de Nane :&nbsp; <em>Jos\u00e9phine Baker, au del\u00e0 des strass, Simone Veil, un parcours <\/em><em>d&rsquo;exception <\/em>et&nbsp;<em> Fran\u00e7oise Dolto, avant la psychanalyse.<\/em><\/p>\n\n\n\n<p>.<strong>Pour nous joindre<\/strong>:&nbsp; njlvezinet@wanadoo.fr t\u00e9l.06 27 02 31 33 ou 05 63&nbsp; 33 25 15 &nbsp;ou encore par courrier:  Paragn\u00e9 193 chemin des bruy\u00e8res 81600 Broze &nbsp; &nbsp; &nbsp; &nbsp; &nbsp;&nbsp;&nbsp;&nbsp;&nbsp;&nbsp;&nbsp;&nbsp; &nbsp; &nbsp; &nbsp; &nbsp; &nbsp; &nbsp; &nbsp; &nbsp; &nbsp;&nbsp;&nbsp;&nbsp;&nbsp;&nbsp;&nbsp;&nbsp;&nbsp;&nbsp;&nbsp;&nbsp;&nbsp;&nbsp;&nbsp;<\/p>\n\n\n\n\n\n<div class=\"wp-block-columns is-layout-flex wp-container-core-columns-is-layout-28f84493 wp-block-columns-is-layout-flex\">\n<div class=\"wp-block-column is-layout-flow wp-block-column-is-layout-flow\"><\/div>\n\n\n\n<div class=\"wp-block-column is-layout-flow wp-block-column-is-layout-flow\"><\/div>\n<\/div>\n\n\n\n<div class=\"wp-block-columns is-layout-flex wp-container-core-columns-is-layout-28f84493 wp-block-columns-is-layout-flex\">\n<div class=\"wp-block-column is-layout-flow wp-block-column-is-layout-flow\"><\/div>\n\n\n\n<div class=\"wp-block-column is-layout-flow wp-block-column-is-layout-flow\"><\/div>\n<\/div>\n","protected":false},"excerpt":{"rendered":"<p>Comme un galet poli par le temps, le soleil et les vents, le conte a roul\u00e9 de bouches \u00e0 oreilles, ricoch\u00e9 sur les rives du monde. Il en a vu et entendu de toutes les couleurs. L\u00e0 est sa beaut\u00e9. &nbsp; &nbsp;&nbsp;&nbsp;&nbsp;&nbsp;&nbsp;&nbsp;&nbsp;&nbsp;&nbsp;&nbsp;&nbsp;&nbsp; Apr\u00e8s avoir poursuivi notre formation aupr\u00e8s de conteurs reconnus, Nane s&rsquo;est form\u00e9e aux [&hellip;]<\/p>\n","protected":false},"author":1,"featured_media":0,"parent":0,"menu_order":0,"comment_status":"closed","ping_status":"closed","template":"","meta":{"footnotes":""},"class_list":["post-97","page","type-page","status-publish","hentry"],"_links":{"self":[{"href":"https:\/\/nanejeanluc-vezinet.fr\/index.php\/wp-json\/wp\/v2\/pages\/97","targetHints":{"allow":["GET"]}}],"collection":[{"href":"https:\/\/nanejeanluc-vezinet.fr\/index.php\/wp-json\/wp\/v2\/pages"}],"about":[{"href":"https:\/\/nanejeanluc-vezinet.fr\/index.php\/wp-json\/wp\/v2\/types\/page"}],"author":[{"embeddable":true,"href":"https:\/\/nanejeanluc-vezinet.fr\/index.php\/wp-json\/wp\/v2\/users\/1"}],"replies":[{"embeddable":true,"href":"https:\/\/nanejeanluc-vezinet.fr\/index.php\/wp-json\/wp\/v2\/comments?post=97"}],"version-history":[{"count":14,"href":"https:\/\/nanejeanluc-vezinet.fr\/index.php\/wp-json\/wp\/v2\/pages\/97\/revisions"}],"predecessor-version":[{"id":371,"href":"https:\/\/nanejeanluc-vezinet.fr\/index.php\/wp-json\/wp\/v2\/pages\/97\/revisions\/371"}],"wp:attachment":[{"href":"https:\/\/nanejeanluc-vezinet.fr\/index.php\/wp-json\/wp\/v2\/media?parent=97"}],"curies":[{"name":"wp","href":"https:\/\/api.w.org\/{rel}","templated":true}]}}