{"id":51,"date":"2023-09-10T17:03:23","date_gmt":"2023-09-10T15:03:23","guid":{"rendered":"https:\/\/nanejeanluc-vezinet.fr\/?page_id=51"},"modified":"2026-02-04T11:28:02","modified_gmt":"2026-02-04T10:28:02","slug":"biographies-et-documentaires","status":"publish","type":"page","link":"https:\/\/nanejeanluc-vezinet.fr\/index.php\/biographies-et-documentaires\/","title":{"rendered":"Nos biographies et documentaires"},"content":{"rendered":"\n<div class=\"wp-block-columns is-layout-flex wp-container-core-columns-is-layout-28f84493 wp-block-columns-is-layout-flex\">\n<div class=\"wp-block-column is-layout-flow wp-block-column-is-layout-flow\" style=\"flex-basis:100%\">\n<div class=\"wp-block-group has-global-padding is-layout-constrained wp-block-group-is-layout-constrained\">\n<div class=\"wp-block-columns is-layout-flex wp-container-core-columns-is-layout-28f84493 wp-block-columns-is-layout-flex\">\n<div class=\"wp-block-column is-layout-flow wp-block-column-is-layout-flow\" style=\"flex-basis:100%\">\n<div class=\"wp-block-columns is-layout-flex wp-container-core-columns-is-layout-28f84493 wp-block-columns-is-layout-flex\">\n<div class=\"wp-block-column is-layout-flow wp-block-column-is-layout-flow\" style=\"flex-basis:100%\">\n<p class=\"has-large-font-size\"><strong><em>Biographies<\/em><\/strong><\/p>\n<\/div>\n<\/div>\n<\/div>\n<\/div>\n<\/div>\n<\/div>\n<\/div>\n\n\n\n<div class=\"wp-block-columns is-layout-flex wp-container-core-columns-is-layout-28f84493 wp-block-columns-is-layout-flex\">\n<div class=\"wp-block-column is-layout-flow wp-block-column-is-layout-flow\" style=\"flex-basis:33.33%\">\n<figure class=\"wp-block-image size-full\"><img loading=\"lazy\" decoding=\"async\" width=\"642\" height=\"841\" src=\"https:\/\/nanejeanluc-vezinet.fr\/wp-content\/uploads\/2023\/09\/couverture-louise-michel-la-charte.jpg\" alt=\"\" class=\"wp-image-62\" srcset=\"https:\/\/nanejeanluc-vezinet.fr\/wp-content\/uploads\/2023\/09\/couverture-louise-michel-la-charte.jpg 642w, https:\/\/nanejeanluc-vezinet.fr\/wp-content\/uploads\/2023\/09\/couverture-louise-michel-la-charte-229x300.jpg 229w\" sizes=\"auto, (max-width: 642px) 100vw, 642px\" \/><\/figure>\n<\/div>\n\n\n\n<div class=\"wp-block-column is-layout-flow wp-block-column-is-layout-flow\" style=\"flex-basis:66.66%\">\n<p class=\"has-small-font-size\"><strong>Vingt ans pour devenir Louise Michel <\/strong>co-\u00e9crit avec Rolande Causse \u00e9ditions Oskar<\/p>\n\n\n\n<p class=\"has-small-font-size\"><em>Ce livre est <\/em><strong><em>tr\u00e8s bien document\u00e9<\/em><\/strong><em>, l&rsquo;<\/em><strong><em>\u00e9criture est agr\u00e9able<\/em><\/strong><em>,<\/em><em> il se lit comme un roman. A d\u00e9couvrir absolument pour mieux conna\u00eetre et comprendre le personnage embl\u00e9matique de Louise Michel<\/em> ! <strong>Histoire d&rsquo;en lire<\/strong><\/p>\n<\/div>\n<\/div>\n\n\n\n<div class=\"wp-block-columns is-layout-flex wp-container-core-columns-is-layout-28f84493 wp-block-columns-is-layout-flex\">\n<div class=\"wp-block-column is-layout-flow wp-block-column-is-layout-flow\" style=\"flex-basis:33.33%\">\n<figure class=\"wp-block-image size-large\"><img loading=\"lazy\" decoding=\"async\" width=\"624\" height=\"1024\" src=\"https:\/\/nanejeanluc-vezinet.fr\/wp-content\/uploads\/2023\/09\/couverture-london090-charte-624x1024.jpg\" alt=\"\" class=\"wp-image-63\" srcset=\"https:\/\/nanejeanluc-vezinet.fr\/wp-content\/uploads\/2023\/09\/couverture-london090-charte-624x1024.jpg 624w, https:\/\/nanejeanluc-vezinet.fr\/wp-content\/uploads\/2023\/09\/couverture-london090-charte-183x300.jpg 183w, https:\/\/nanejeanluc-vezinet.fr\/wp-content\/uploads\/2023\/09\/couverture-london090-charte.jpg 642w\" sizes=\"auto, (max-width: 624px) 100vw, 624px\" \/><\/figure>\n<\/div>\n\n\n\n<div class=\"wp-block-column is-layout-flow wp-block-column-is-layout-flow\" style=\"flex-basis:66.66%\">\n<p class=\"has-small-font-size\"><strong>Jack London, l&rsquo;appel de l&rsquo;aventure<\/strong> \u00e9ditions Oskar 2015  <em>De l\u2019\u0153uvre de London, trop souvent sont cit\u00e9s les m\u00eames titres. L\u2019int\u00e9r\u00eat de cette biographie est d\u2019inciter le lecteur \u00e0 d\u00e9couvrir plus largement son \u0153uvre. Elle montre comment naissent le d\u00e9sir d\u2019\u00e9crire et l\u2019engagement de London contre toute forme d\u2019injustice. Sa vie fut un vrai roman d\u2019aventures. De lecture ais\u00e9e, cette biographie retrace aussi toute une \u00e9poqu<\/em>e<strong>. in Num\u00e9ro 215 de la revue NVL.                                                                     <\/strong><em>Cette biographie solidement document\u00e9e, \u00e9maill\u00e9e d\u2019anecdotes se lit facilement. Un travail documentaire qui \u00e9claire la personnalit\u00e9 de cet auteur engag\u00e9 et visionnaire.<\/em><strong> Les-notes.fr (revue du r\u00e9seau culture et biblioth\u00e8ques pour tous.)<\/strong><\/p>\n<\/div>\n<\/div>\n\n\n\n<div class=\"wp-block-columns is-layout-flex wp-container-core-columns-is-layout-28f84493 wp-block-columns-is-layout-flex\">\n<div class=\"wp-block-column is-layout-flow wp-block-column-is-layout-flow\" style=\"flex-basis:33.33%\">\n<figure class=\"wp-block-image size-full\"><img loading=\"lazy\" decoding=\"async\" width=\"642\" height=\"848\" src=\"https:\/\/nanejeanluc-vezinet.fr\/wp-content\/uploads\/2023\/09\/couverture-La-famille-Curie-charte.jpg\" alt=\"\" class=\"wp-image-64\" srcset=\"https:\/\/nanejeanluc-vezinet.fr\/wp-content\/uploads\/2023\/09\/couverture-La-famille-Curie-charte.jpg 642w, https:\/\/nanejeanluc-vezinet.fr\/wp-content\/uploads\/2023\/09\/couverture-La-famille-Curie-charte-227x300.jpg 227w\" sizes=\"auto, (max-width: 642px) 100vw, 642px\" \/><\/figure>\n<\/div>\n\n\n\n<div class=\"wp-block-column is-layout-flow wp-block-column-is-layout-flow\" style=\"flex-basis:66.66%\">\n<p class=\"has-small-font-size\"><strong>La famille Curie, quatre savants, quatre prix Nobel<em> <\/em>\u00e9ditions Oskar<em>\u00ab&nbsp;<\/em><\/strong><em>                                                             <\/em><em>Pierre et Marie Curie, puis leur fille Ir\u00e8ne et son mari, les Joliot-Curie, ont consacr\u00e9 leur vie \u00e0 la science et en ont \u00e9t\u00e9 r\u00e9compens\u00e9s par trois prix Nobel.C\u2019est l\u2019histoire moderne de la physique et de la chimie qui nous est r\u00e9v\u00e9l\u00e9e dans cet ouvrage. Et plus encore, c\u2019est l\u2019histoire de la lutte contre l\u2019obscurantisme, la x\u00e9nophobie et l\u2019oppresseur. <\/em><strong><em>Un petit ouvrage dense et passionnant, <\/em>Opalivres<\/strong><em>         \u00ab&nbsp;Int\u00e9ressant<\/em><strong>&nbsp;\u00bb Revue du livre pour enfants<\/strong><\/p>\n<\/div>\n<\/div>\n\n\n\n<div class=\"wp-block-columns is-layout-flex wp-container-core-columns-is-layout-28f84493 wp-block-columns-is-layout-flex\">\n<div class=\"wp-block-column is-layout-flow wp-block-column-is-layout-flow\" style=\"flex-basis:33.33%\">\n<figure class=\"wp-block-image size-full\"><img loading=\"lazy\" decoding=\"async\" width=\"195\" height=\"259\" src=\"https:\/\/nanejeanluc-vezinet.fr\/wp-content\/uploads\/2023\/09\/image.jpg\" alt=\"\" class=\"wp-image-67\"\/><\/figure>\n<\/div>\n\n\n\n<div class=\"wp-block-column is-layout-flow wp-block-column-is-layout-flow\" style=\"flex-basis:66.66%\">\n<p class=\"has-small-font-size\"><strong>Charles Darwin, la bataille de l&rsquo;\u00e9volution \u00e9ditions Oskar&nbsp;: <\/strong>Roman documentaire sur le parcours du p\u00e8re de la th\u00e9orie de l&rsquo;\u00e9volution&nbsp;. 2015    <strong>                                                      <\/strong><em>Un petit ouvrage<\/em><strong><em> \u00e9minemment int\u00e9ressant :<\/em> Opalivres<\/strong><em>      <\/em><em>La vie de Charles Darwin comme un roman. <\/em><strong><em>Enthousiasmant&#8230; <\/em><\/strong><em>L&rsquo;approche romanc\u00e9e laisse un espace \u00e0 l&rsquo;\u00e9motion, au suspense rendant la lecture passionnante. <\/em><strong><em>Pour jeune ado curieux en qu\u00eate d&rsquo;id\u00e9al. <\/em>in Num\u00e9ro 210 de la revue NVL<\/strong><\/p>\n<\/div>\n<\/div>\n\n\n\n<div class=\"wp-block-columns is-layout-flex wp-container-core-columns-is-layout-28f84493 wp-block-columns-is-layout-flex\">\n<div class=\"wp-block-column is-layout-flow wp-block-column-is-layout-flow\" style=\"flex-basis:33.33%\">\n<figure class=\"wp-block-image size-full\"><img loading=\"lazy\" decoding=\"async\" width=\"642\" height=\"831\" src=\"https:\/\/nanejeanluc-vezinet.fr\/wp-content\/uploads\/2023\/09\/couverture-jaures-la-charte.jpg\" alt=\"\" class=\"wp-image-61\" srcset=\"https:\/\/nanejeanluc-vezinet.fr\/wp-content\/uploads\/2023\/09\/couverture-jaures-la-charte.jpg 642w, https:\/\/nanejeanluc-vezinet.fr\/wp-content\/uploads\/2023\/09\/couverture-jaures-la-charte-232x300.jpg 232w\" sizes=\"auto, (max-width: 642px) 100vw, 642px\" \/><\/figure>\n<\/div>\n\n\n\n<div class=\"wp-block-column is-layout-flow wp-block-column-is-layout-flow\" style=\"flex-basis:66.66%\">\n<p class=\"has-small-font-size\"><strong>Jean Jaur\u00e8s contre la barbarie \u00e9ditions Oskar 2014<\/strong><em>\u00ab&nbsp;Les auteurs ont <strong>relev\u00e9 le d\u00e9fi de<\/strong> <\/em><strong><em>synth\u00e9tiser la vie de Jean Jaur\u00e8s en 92 pages<\/em> <em>seulement<\/em><\/strong><em>. Sans romancer son parcours, ils ont su garder l&rsquo;essentiel et proposer <\/em><strong><em>un livre fluide et int\u00e9ressant<\/em><\/strong><em> sur un homme marquant dans la vie politique et sociale en France<\/em> &nbsp;\u00bb <strong>Histoire d&rsquo;en lire.<\/strong><\/p>\n\n\n\n<p class=\"has-small-font-size\"><strong>\u00ab&nbsp;U<\/strong><strong><em>ne biographie de Jean Jaur\u00e8s, compl\u00e8te mais \u00e9crite en termes simples\u00a0\u00bb&nbsp; <\/em><\/strong><strong>O<\/strong><strong>palivres<\/strong><\/p>\n<\/div>\n<\/div>\n\n\n\n<div class=\"wp-block-columns is-layout-flex wp-container-core-columns-is-layout-28f84493 wp-block-columns-is-layout-flex\">\n<div class=\"wp-block-column is-layout-flow wp-block-column-is-layout-flow\" style=\"flex-basis:33.33%\">\n<figure class=\"wp-block-image size-full\"><img loading=\"lazy\" decoding=\"async\" width=\"642\" height=\"965\" src=\"https:\/\/nanejeanluc-vezinet.fr\/wp-content\/uploads\/2023\/09\/P6200010-couv-olympe-la-charte.jpg\" alt=\"\" class=\"wp-image-71\" srcset=\"https:\/\/nanejeanluc-vezinet.fr\/wp-content\/uploads\/2023\/09\/P6200010-couv-olympe-la-charte.jpg 642w, https:\/\/nanejeanluc-vezinet.fr\/wp-content\/uploads\/2023\/09\/P6200010-couv-olympe-la-charte-200x300.jpg 200w\" sizes=\"auto, (max-width: 642px) 100vw, 642px\" \/><\/figure>\n<\/div>\n\n\n\n<div class=\"wp-block-column is-layout-flow wp-block-column-is-layout-flow\" style=\"flex-basis:66.66%\">\n<p class=\"has-small-font-size\"><strong>Olympe de Gouges, femme de lumi\u00e8re<\/strong><strong> \u00c9ditions Un Autre Reg&rsquo;Art 2014<\/strong><\/p>\n\n\n\n<p class=\"has-small-font-size\">O<em>lympe de Gouges, auteur de la D\u00e9claration des droits de la femme et de la citoyenne est maintenant reconnue comme une des fondatrices de la pens\u00e9e f\u00e9ministe.Ce livre raconte sa vie de militante et de r\u00e9volutionnaire mais aussi de femme. Il met en avant les qualit\u00e9s et le courage de cette femme hors du commun qui osa d\u00e9fier la soci\u00e9t\u00e9 du XVII\u00b0 si\u00e8cle et le paya de sa vie. Elle est morte guillotin\u00e9e le 3 novembre 1793.<\/em><\/p>\n<\/div>\n<\/div>\n\n\n\n<div class=\"wp-block-columns is-layout-flex wp-container-core-columns-is-layout-28f84493 wp-block-columns-is-layout-flex\">\n<div class=\"wp-block-column is-layout-flow wp-block-column-is-layout-flow\" style=\"flex-basis:33.33%\">\n<figure class=\"wp-block-image size-large\"><img loading=\"lazy\" decoding=\"async\" width=\"589\" height=\"1024\" src=\"https:\/\/nanejeanluc-vezinet.fr\/wp-content\/uploads\/2023\/09\/couv-continuez-de-gravir265-2-589x1024.jpg\" alt=\"\" class=\"wp-image-72\" srcset=\"https:\/\/nanejeanluc-vezinet.fr\/wp-content\/uploads\/2023\/09\/couv-continuez-de-gravir265-2-589x1024.jpg 589w, https:\/\/nanejeanluc-vezinet.fr\/wp-content\/uploads\/2023\/09\/couv-continuez-de-gravir265-2-172x300.jpg 172w, https:\/\/nanejeanluc-vezinet.fr\/wp-content\/uploads\/2023\/09\/couv-continuez-de-gravir265-2.jpg 733w\" sizes=\"auto, (max-width: 589px) 100vw, 589px\" \/><\/figure>\n<\/div>\n\n\n\n<div class=\"wp-block-column is-layout-flow wp-block-column-is-layout-flow\" style=\"flex-basis:66.66%\">\n<p class=\"has-small-font-size\"><strong>Continuez de gravir les pentes \u00c9ditions<\/strong><strong> Un autre Reg&rsquo;Art 2007<\/strong><\/p>\n\n\n\n<p class=\"has-small-font-size\"><em>\u00ab&nbsp;R\u00e9cit du parcours \u00e9tonnant de Lucie Aubrac&nbsp;: enfance, &nbsp;\u00e9tudes,&nbsp; rencontres, mariage avec Raymond Samuel&nbsp;puis, tr\u00e8s vite en 1940, l\u2019engagement dans la R\u00e9sistance. C\u2019est \u00e0 la suite de plusieurs rencontres avec elle que l\u2019auteur a \u00e9crit ce r\u00e9cit-hommage adapt\u00e9 et mis en sc\u00e8ne au th\u00e9\u00e2tre d\u2019Albi.&nbsp;Au-del\u00e0 du t\u00e9moignage sur une femme exceptionnelle, il y a la volont\u00e9 opini\u00e2tre de transmettre aux jeunes g\u00e9n\u00e9rations l\u2019esprit de r\u00e9sistance \u00e0 travers les valeurs de fraternit\u00e9 et de solidarit\u00e9, de les encourager \u00e0 lutter contre tous les racismes. L\u2019appel des r\u00e9sistants, soixante ans apr\u00e8s la victoire, conclut l\u2019ouvrage&nbsp;\u00bb .<\/em><strong>Les-notes.fr<\/strong><strong> (revue du r\u00e9seau culture et biblioth\u00e8ques pour tous).<\/strong><\/p>\n<\/div>\n<\/div>\n\n\n\n<div class=\"wp-block-columns is-layout-flex wp-container-core-columns-is-layout-28f84493 wp-block-columns-is-layout-flex\">\n<div class=\"wp-block-column is-layout-flow wp-block-column-is-layout-flow\">\n<p class=\"has-large-font-size\"><strong><em>Documentaires<\/em><\/strong><\/p>\n<\/div>\n<\/div>\n\n\n\n<div class=\"wp-block-columns is-layout-flex wp-container-core-columns-is-layout-28f84493 wp-block-columns-is-layout-flex\">\n<div class=\"wp-block-column is-layout-flow wp-block-column-is-layout-flow\">\n<figure class=\"wp-block-image size-full is-resized\"><img loading=\"lazy\" decoding=\"async\" width=\"562\" height=\"833\" src=\"https:\/\/nanejeanluc-vezinet.fr\/wp-content\/uploads\/2026\/02\/1-Screenshot-2026-02-04-at-11-16-36-Mise-en-page-1-Couverture-Peril-en-la-demeure.png\" alt=\"\" class=\"wp-image-382\" style=\"aspect-ratio:0.6746659209835019;width:205px;height:auto\" srcset=\"https:\/\/nanejeanluc-vezinet.fr\/wp-content\/uploads\/2026\/02\/1-Screenshot-2026-02-04-at-11-16-36-Mise-en-page-1-Couverture-Peril-en-la-demeure.png 562w, https:\/\/nanejeanluc-vezinet.fr\/wp-content\/uploads\/2026\/02\/1-Screenshot-2026-02-04-at-11-16-36-Mise-en-page-1-Couverture-Peril-en-la-demeure-202x300.png 202w\" sizes=\"auto, (max-width: 562px) 100vw, 562px\" \/><\/figure>\n<\/div>\n\n\n\n<div class=\"wp-block-column is-layout-flow wp-block-column-is-layout-flow\">\n<p><\/p>\n\n\n\n<p><strong>\u00ab\u00a0P\u00e9ril en la demeure, comprendre le changement climatique\u00a0\u00bb<\/strong> Editions Un Autre Reg&rsquo;Art pr\u00e9fac\u00e9 par le climatologue <strong>Jean Jouzel<\/strong> membre de l&rsquo;Acad\u00e9mie des Sciences, f\u00e9vrier 2026.<\/p>\n\n\n\n<p><\/p>\n<\/div>\n<\/div>\n\n\n\n<div class=\"wp-block-columns is-layout-flex wp-container-core-columns-is-layout-28f84493 wp-block-columns-is-layout-flex\">\n<div class=\"wp-block-column is-layout-flow wp-block-column-is-layout-flow\">\n<figure class=\"wp-block-image size-full is-resized\"><img loading=\"lazy\" decoding=\"async\" width=\"500\" height=\"698\" src=\"https:\/\/nanejeanluc-vezinet.fr\/wp-content\/uploads\/2025\/05\/Couv-Il-etait-une-fois-la-Terre-1.png\" alt=\"\" class=\"wp-image-324\" style=\"width:205px;height:auto\" srcset=\"https:\/\/nanejeanluc-vezinet.fr\/wp-content\/uploads\/2025\/05\/Couv-Il-etait-une-fois-la-Terre-1.png 500w, https:\/\/nanejeanluc-vezinet.fr\/wp-content\/uploads\/2025\/05\/Couv-Il-etait-une-fois-la-Terre-1-215x300.png 215w\" sizes=\"auto, (max-width: 500px) 100vw, 500px\" \/><\/figure>\n<\/div>\n\n\n\n<div class=\"wp-block-column is-layout-flow wp-block-column-is-layout-flow\">\n<p><\/p>\n\n\n\n<p><strong>Il \u00e9tait une fois la Terre<\/strong>, <strong>petite autobiographie d\u2019une plan\u00e8te<\/strong> Editions Un Autre Reg\u2019Art pr\u00e9fac\u00e9 par <strong>Alain Foucault,<\/strong> g\u00e9ologue professeur honoraire au Museum national d\u2019Histoire naturelle de Paris. juin 2024<\/p>\n<\/div>\n<\/div>\n\n\n\n<div class=\"wp-block-columns is-layout-flex wp-container-core-columns-is-layout-28f84493 wp-block-columns-is-layout-flex\">\n<div class=\"wp-block-column is-layout-flow wp-block-column-is-layout-flow\" style=\"flex-basis:33.33%\">\n<figure class=\"wp-block-image size-full\"><img loading=\"lazy\" decoding=\"async\" width=\"624\" height=\"896\" src=\"https:\/\/nanejeanluc-vezinet.fr\/wp-content\/uploads\/2023\/09\/Couverture-commune.png\" alt=\"\" class=\"wp-image-73\" srcset=\"https:\/\/nanejeanluc-vezinet.fr\/wp-content\/uploads\/2023\/09\/Couverture-commune.png 624w, https:\/\/nanejeanluc-vezinet.fr\/wp-content\/uploads\/2023\/09\/Couverture-commune-209x300.png 209w\" sizes=\"auto, (max-width: 624px) 100vw, 624px\" \/><\/figure>\n<\/div>\n\n\n\n<div class=\"wp-block-column is-layout-flow wp-block-column-is-layout-flow\" style=\"flex-basis:66.66%\">\n<p class=\"has-small-font-size\"><strong>La Commune de 1871, le printemps parisien<\/strong>, pr\u00e9face de Roland Foissac. \u00c9ditions Un Autre Reg&rsquo;Art 2021. Tout public.<em>\u00ab&nbsp;                                                                           Quel livre conseiller \u00e0 des \u00e9l\u00e8ves de lyc\u00e9e ou de coll\u00e8ge&nbsp;? Dans le torrent \u00e9ditorial qui accompagne le cent cinquantenaire, la publication de cet ouvrage vient combler un manque criant. La couverture de l\u2019\u00e9v\u00e9nement est plut\u00f4t compl\u00e8te, et l\u2019auteur en facilite grandement la compr\u00e9hension. Voil\u00e0 un ouvrage riche et bien document\u00e9 qui donne envie d\u2019en savoir plus&nbsp;\u00bb. <\/em><strong>Association Faisons vivre la Commune<\/strong><em>\u00ab&nbsp;L&rsquo;auteur propose un r\u00e9cit pr\u00e9cis, clair et fort bien document\u00e9&nbsp;\u00bb <\/em><strong>L&rsquo;Humanit\u00e9.<\/strong><\/p>\n<\/div>\n<\/div>\n\n\n\n<div class=\"wp-block-columns is-layout-flex wp-container-core-columns-is-layout-28f84493 wp-block-columns-is-layout-flex\">\n<div class=\"wp-block-column is-layout-flow wp-block-column-is-layout-flow\" style=\"flex-basis:33.33%\">\n<figure class=\"wp-block-image size-full\"><img loading=\"lazy\" decoding=\"async\" width=\"468\" height=\"606\" src=\"https:\/\/nanejeanluc-vezinet.fr\/wp-content\/uploads\/2023\/09\/Couv-de-la-naissance-de-la-photo.png\" alt=\"\" class=\"wp-image-74\" srcset=\"https:\/\/nanejeanluc-vezinet.fr\/wp-content\/uploads\/2023\/09\/Couv-de-la-naissance-de-la-photo.png 468w, https:\/\/nanejeanluc-vezinet.fr\/wp-content\/uploads\/2023\/09\/Couv-de-la-naissance-de-la-photo-232x300.png 232w\" sizes=\"auto, (max-width: 468px) 100vw, 468px\" \/><\/figure>\n<\/div>\n\n\n\n<div class=\"wp-block-column is-layout-flow wp-block-column-is-layout-flow\" style=\"flex-basis:66.66%\">\n<p class=\"has-small-font-size\"><strong>De la naissance de la photographie aux premiers pas du cin\u00e9ma<\/strong>, \u00c9ditions Un Autre Reg&rsquo;Art&nbsp;. 2019 Tout public.<\/p>\n\n\n\n<p class=\"has-small-font-size\">L&rsquo;ouvrage retrace l&rsquo;histoire de ces deux inventions depuis la camera obscura jusqu&rsquo;au cin\u00e9matographe des fr\u00e8res Lumi\u00e8re. Il m\u00eale faits historiques et anecdotes. Sch\u00e9mas explicatifs et images de qualit\u00e9 rendent le r\u00e9cit particuli\u00e8rement attractif et accessible \u00e0 un large public.<\/p>\n<\/div>\n<\/div>\n","protected":false},"excerpt":{"rendered":"<p>Biographies Vingt ans pour devenir Louise Michel co-\u00e9crit avec Rolande Causse \u00e9ditions Oskar Ce livre est tr\u00e8s bien document\u00e9, l&rsquo;\u00e9criture est agr\u00e9able, il se lit comme un roman. A d\u00e9couvrir absolument pour mieux conna\u00eetre et comprendre le personnage embl\u00e9matique de Louise Michel ! Histoire d&rsquo;en lire Jack London, l&rsquo;appel de l&rsquo;aventure \u00e9ditions Oskar 2015 De [&hellip;]<\/p>\n","protected":false},"author":1,"featured_media":0,"parent":0,"menu_order":0,"comment_status":"closed","ping_status":"closed","template":"","meta":{"footnotes":""},"class_list":["post-51","page","type-page","status-publish","hentry"],"_links":{"self":[{"href":"https:\/\/nanejeanluc-vezinet.fr\/index.php\/wp-json\/wp\/v2\/pages\/51","targetHints":{"allow":["GET"]}}],"collection":[{"href":"https:\/\/nanejeanluc-vezinet.fr\/index.php\/wp-json\/wp\/v2\/pages"}],"about":[{"href":"https:\/\/nanejeanluc-vezinet.fr\/index.php\/wp-json\/wp\/v2\/types\/page"}],"author":[{"embeddable":true,"href":"https:\/\/nanejeanluc-vezinet.fr\/index.php\/wp-json\/wp\/v2\/users\/1"}],"replies":[{"embeddable":true,"href":"https:\/\/nanejeanluc-vezinet.fr\/index.php\/wp-json\/wp\/v2\/comments?post=51"}],"version-history":[{"count":19,"href":"https:\/\/nanejeanluc-vezinet.fr\/index.php\/wp-json\/wp\/v2\/pages\/51\/revisions"}],"predecessor-version":[{"id":386,"href":"https:\/\/nanejeanluc-vezinet.fr\/index.php\/wp-json\/wp\/v2\/pages\/51\/revisions\/386"}],"wp:attachment":[{"href":"https:\/\/nanejeanluc-vezinet.fr\/index.php\/wp-json\/wp\/v2\/media?parent=51"}],"curies":[{"name":"wp","href":"https:\/\/api.w.org\/{rel}","templated":true}]}}