{"id":21,"date":"2023-09-07T11:29:12","date_gmt":"2023-09-07T09:29:12","guid":{"rendered":"https:\/\/nanejeanluc-vezinet.fr\/?page_id=21"},"modified":"2025-03-18T22:03:53","modified_gmt":"2025-03-18T21:03:53","slug":"21-2","status":"publish","type":"page","link":"https:\/\/nanejeanluc-vezinet.fr\/","title":{"rendered":"Accueil"},"content":{"rendered":"\n<h2 class=\"wp-block-heading has-text-align-center\">Nane et Jean-Luc V\u00e9zinet  Auteurs et Conteurs<\/h2>\n\n\n\n<div class=\"wp-block-columns is-layout-flex wp-container-core-columns-is-layout-28f84493 wp-block-columns-is-layout-flex\">\n<div class=\"wp-block-column is-layout-flow wp-block-column-is-layout-flow\">\n<figure class=\"wp-block-image size-large\"><img loading=\"lazy\" decoding=\"async\" width=\"783\" height=\"1024\" src=\"https:\/\/nanejeanluc-vezinet.fr\/wp-content\/uploads\/2023\/09\/SIte-nane-783x1024.jpg\" alt=\"\" class=\"wp-image-8\" srcset=\"https:\/\/nanejeanluc-vezinet.fr\/wp-content\/uploads\/2023\/09\/SIte-nane-783x1024.jpg 783w, https:\/\/nanejeanluc-vezinet.fr\/wp-content\/uploads\/2023\/09\/SIte-nane-229x300.jpg 229w, https:\/\/nanejeanluc-vezinet.fr\/wp-content\/uploads\/2023\/09\/SIte-nane-768x1004.jpg 768w, https:\/\/nanejeanluc-vezinet.fr\/wp-content\/uploads\/2023\/09\/SIte-nane-1175x1536.jpg 1175w, https:\/\/nanejeanluc-vezinet.fr\/wp-content\/uploads\/2023\/09\/SIte-nane.jpg 1180w\" sizes=\"auto, (max-width: 783px) 100vw, 783px\" \/><\/figure>\n<\/div>\n\n\n\n<div class=\"wp-block-column is-layout-flow wp-block-column-is-layout-flow\">\n<figure class=\"wp-block-image size-large\"><img loading=\"lazy\" decoding=\"async\" width=\"783\" height=\"1024\" src=\"https:\/\/nanejeanluc-vezinet.fr\/wp-content\/uploads\/2023\/09\/Site-JL-783x1024.jpg\" alt=\"\" class=\"wp-image-12\" srcset=\"https:\/\/nanejeanluc-vezinet.fr\/wp-content\/uploads\/2023\/09\/Site-JL-783x1024.jpg 783w, https:\/\/nanejeanluc-vezinet.fr\/wp-content\/uploads\/2023\/09\/Site-JL-229x300.jpg 229w, https:\/\/nanejeanluc-vezinet.fr\/wp-content\/uploads\/2023\/09\/Site-JL-768x1004.jpg 768w, https:\/\/nanejeanluc-vezinet.fr\/wp-content\/uploads\/2023\/09\/Site-JL-1175x1536.jpg 1175w, https:\/\/nanejeanluc-vezinet.fr\/wp-content\/uploads\/2023\/09\/Site-JL.jpg 1307w\" sizes=\"auto, (max-width: 783px) 100vw, 783px\" \/><\/figure>\n<\/div>\n<\/div>\n\n\n\n<div class=\"wp-block-columns is-layout-flex wp-container-core-columns-is-layout-28f84493 wp-block-columns-is-layout-flex\">\n<div class=\"wp-block-column is-layout-flow wp-block-column-is-layout-flow\">\n<p><strong> Nane V\u00e9zinet<\/strong><\/p>\n\n\n\n<p class=\"has-text-align-left\">Sa profession d&rsquo;orthophoniste l&rsquo;a amen\u00e9e \u00e0 s&rsquo;int\u00e9resser \u00e0 l&rsquo;univers du conte et \u00e0 celui des ateliers d&rsquo;\u00e9criture pour les enfants et les adolescents. Deux passions pour lesquelles elle s&rsquo;est d\u00fbment form\u00e9e et qu&rsquo;elle a pratiqu\u00e9es tout au long de sa carri\u00e8re. Conteuse devenue, elle a co-sign\u00e9e des recueils de contes avec l&rsquo;\u00e9crivaine Rolande Causse et Jean-Luc V\u00e9zinet son \u00e9poux, lui aussi conteur. Elle a \u00e9galement publi\u00e9 des albums et des biographies destin\u00e9es \u00e0 la jeunesse, notamment des personnages f\u00e9minins comme Olympe de Gouges ou Louise Michel. Dans une association d&rsquo;aides aux femmes victimes de violence, elle a anim\u00e9 r\u00e9guli\u00e8rement des ateliers d&rsquo;\u00e9criture th\u00e9rapeutiques<strong>.<\/strong><\/p>\n<\/div>\n\n\n\n<div class=\"wp-block-column is-layout-flow wp-block-column-is-layout-flow\">\n<p><strong> Jean-Luc V\u00e9zinet<\/strong><\/p>\n\n\n\n<p>Professeur de sciences retrait\u00e9, conteur et auteur. Jean-Luc  vit dans les collines gaillacoises entre Albi et Toulouse.                                   Passionn\u00e9 par les mythes, les l\u00e9gendes et autres r\u00e9cits anciens, il s&rsquo;est d\u00e9cid\u00e9 un jour \u00e0 les conter avec Nane son \u00e9pouse. Pour laisser traces de ces paroles il a co-sign\u00e9 avec elle divers recueils de contes et albums (Chez Gallimard, Circonflexe, les El\u00e9phants, Un Autre Reg&rsquo;Art). Souhaitant \u00e9galement faire conna\u00eetre la vie de personnages et de sujets qui lui tiennent \u00e0 c\u0153ur, il a aussi \u00e9crit et publi\u00e9 plusieurs biographies et deux documentaires. Destin\u00e9s \u00e0 la jeunesse, ils sont \u00e9galement appr\u00e9ci\u00e9es d&rsquo;un plus vaste public.<\/p>\n<\/div>\n<\/div>\n\n\n\n<p><strong>Contact<\/strong>:     Vous pouvez nous joindre par courriel <em>njlvezinet@wanadoo.fr<\/em> ou     par t\u00e9l\u00e9phone <em>06 27 02 31 33 .  <\/em>                                                                                                                                Nous sommes adh\u00e9rents \u00e0 la \u00ab\u00a0<em>Charte des auteurs et illustrateurs de jeunesse\u00a0\u00bb<\/em>. N&rsquo;h\u00e9sitez pas \u00e0 visiter leur site: <a href=\"https:\/\/www.la-charte.fr\">https:\/\/www.la-charte.fr<\/a>                                                                                                                                                                                                                                                <\/p>\n\n\n\n<div class=\"wp-block-columns is-layout-flex wp-container-core-columns-is-layout-28f84493 wp-block-columns-is-layout-flex\">\n<div class=\"wp-block-column is-layout-flow wp-block-column-is-layout-flow\">\n<p><\/p>\n<\/div>\n<\/div>\n","protected":false},"excerpt":{"rendered":"<p>Nane et Jean-Luc V\u00e9zinet Auteurs et Conteurs Nane V\u00e9zinet Sa profession d&rsquo;orthophoniste l&rsquo;a amen\u00e9e \u00e0 s&rsquo;int\u00e9resser \u00e0 l&rsquo;univers du conte et \u00e0 celui des ateliers d&rsquo;\u00e9criture pour les enfants et les adolescents. Deux passions pour lesquelles elle s&rsquo;est d\u00fbment form\u00e9e et qu&rsquo;elle a pratiqu\u00e9es tout au long de sa carri\u00e8re. Conteuse devenue, elle a co-sign\u00e9e [&hellip;]<\/p>\n","protected":false},"author":1,"featured_media":0,"parent":0,"menu_order":0,"comment_status":"closed","ping_status":"closed","template":"","meta":{"footnotes":""},"class_list":["post-21","page","type-page","status-publish","hentry"],"_links":{"self":[{"href":"https:\/\/nanejeanluc-vezinet.fr\/index.php\/wp-json\/wp\/v2\/pages\/21","targetHints":{"allow":["GET"]}}],"collection":[{"href":"https:\/\/nanejeanluc-vezinet.fr\/index.php\/wp-json\/wp\/v2\/pages"}],"about":[{"href":"https:\/\/nanejeanluc-vezinet.fr\/index.php\/wp-json\/wp\/v2\/types\/page"}],"author":[{"embeddable":true,"href":"https:\/\/nanejeanluc-vezinet.fr\/index.php\/wp-json\/wp\/v2\/users\/1"}],"replies":[{"embeddable":true,"href":"https:\/\/nanejeanluc-vezinet.fr\/index.php\/wp-json\/wp\/v2\/comments?post=21"}],"version-history":[{"count":13,"href":"https:\/\/nanejeanluc-vezinet.fr\/index.php\/wp-json\/wp\/v2\/pages\/21\/revisions"}],"predecessor-version":[{"id":292,"href":"https:\/\/nanejeanluc-vezinet.fr\/index.php\/wp-json\/wp\/v2\/pages\/21\/revisions\/292"}],"wp:attachment":[{"href":"https:\/\/nanejeanluc-vezinet.fr\/index.php\/wp-json\/wp\/v2\/media?parent=21"}],"curies":[{"name":"wp","href":"https:\/\/api.w.org\/{rel}","templated":true}]}}