{"id":102,"date":"2023-09-11T23:16:58","date_gmt":"2023-09-11T21:16:58","guid":{"rendered":"https:\/\/nanejeanluc-vezinet.fr\/?page_id=102"},"modified":"2023-09-12T10:41:29","modified_gmt":"2023-09-12T08:41:29","slug":"conteurs-devenus","status":"publish","type":"page","link":"https:\/\/nanejeanluc-vezinet.fr\/index.php\/conteurs-devenus\/","title":{"rendered":"Conteurs devenus"},"content":{"rendered":"\n<h3 class=\"wp-block-heading\">Le conte se rit des modes, des \u00e9poques et des fronti\u00e8res. L&rsquo;air de rien, il s&rsquo;installe chez les conteurs, les habite, les nourrit et les embarque parfois dans les r\u00eaves et les possibles. Une histoire d&rsquo;hier, dite aujourd&rsquo;hui pour demain.<\/h3>\n\n\n\n<p class=\"has-large-font-size\"><em>D\u00e9buts et premiers succ\u00e8s&#8230;<\/em><\/p>\n\n\n\n<h3 class=\"wp-block-heading has-medium-font-size\">1990 : Apr\u00e8s s&rsquo;\u00eatre successivement form\u00e9s \u00e0 l&rsquo;art de conter avec Agn\u00e8s Chavanon, Michel Hindenoch, G\u00e9rard Potier et Pascal Qu\u00e9r\u00e9 nous cr\u00e9ons avec deux amis passionn\u00e9s de contes et une fl\u00fbtiste, la premi\u00e8re troupe de conteurs amateurs de notre d\u00e9partement, les Tailleurs de mots. Tr\u00e8s vite le succ\u00e8s sera au rendez-vous. MJC, \u00e9coles, centres de loisirs, veill\u00e9es dans les villages, nous allons d\u00e8s lors raconter pour les jeunes et les adultes. Nous sommes alors invit\u00e9s au&nbsp; Printemps du conte, organis\u00e9 par la biblioth\u00e8que d\u00e9partementale du Tarn et la BM de Mazamet.&nbsp;<\/h3>\n\n\n\n<figure class=\"wp-block-image size-large\"><img loading=\"lazy\" decoding=\"async\" width=\"1024\" height=\"595\" src=\"https:\/\/nanejeanluc-vezinet.fr\/wp-content\/uploads\/2023\/09\/c60248248021a50be737a73adb5a5246-1024x595.jpg\" alt=\"\" class=\"wp-image-103\" srcset=\"https:\/\/nanejeanluc-vezinet.fr\/wp-content\/uploads\/2023\/09\/c60248248021a50be737a73adb5a5246-1024x595.jpg 1024w, https:\/\/nanejeanluc-vezinet.fr\/wp-content\/uploads\/2023\/09\/c60248248021a50be737a73adb5a5246-300x174.jpg 300w, https:\/\/nanejeanluc-vezinet.fr\/wp-content\/uploads\/2023\/09\/c60248248021a50be737a73adb5a5246-768x446.jpg 768w, https:\/\/nanejeanluc-vezinet.fr\/wp-content\/uploads\/2023\/09\/c60248248021a50be737a73adb5a5246-1536x892.jpg 1536w, https:\/\/nanejeanluc-vezinet.fr\/wp-content\/uploads\/2023\/09\/c60248248021a50be737a73adb5a5246.jpg 1899w\" sizes=\"auto, (max-width: 1024px) 100vw, 1024px\" \/><\/figure>\n\n\n\n<div class=\"wp-block-columns is-layout-flex wp-container-core-columns-is-layout-28f84493 wp-block-columns-is-layout-flex\">\n<div class=\"wp-block-column is-layout-flow wp-block-column-is-layout-flow\">\n<figure class=\"wp-block-image size-large is-resized\"><img loading=\"lazy\" decoding=\"async\" src=\"https:\/\/nanejeanluc-vezinet.fr\/wp-content\/uploads\/2023\/09\/7c9e20e7ad74a4bdd975aaf08b55f141-1024x655.jpg\" alt=\"\" class=\"wp-image-104\" style=\"width:316px;height:202px\" width=\"316\" height=\"202\" srcset=\"https:\/\/nanejeanluc-vezinet.fr\/wp-content\/uploads\/2023\/09\/7c9e20e7ad74a4bdd975aaf08b55f141-1024x655.jpg 1024w, https:\/\/nanejeanluc-vezinet.fr\/wp-content\/uploads\/2023\/09\/7c9e20e7ad74a4bdd975aaf08b55f141-300x192.jpg 300w, https:\/\/nanejeanluc-vezinet.fr\/wp-content\/uploads\/2023\/09\/7c9e20e7ad74a4bdd975aaf08b55f141-768x491.jpg 768w, https:\/\/nanejeanluc-vezinet.fr\/wp-content\/uploads\/2023\/09\/7c9e20e7ad74a4bdd975aaf08b55f141-1536x983.jpg 1536w, https:\/\/nanejeanluc-vezinet.fr\/wp-content\/uploads\/2023\/09\/7c9e20e7ad74a4bdd975aaf08b55f141.jpg 1583w\" sizes=\"auto, (max-width: 316px) 100vw, 316px\" \/><\/figure>\n<\/div>\n\n\n\n<div class=\"wp-block-column is-layout-flow wp-block-column-is-layout-flow\">\n<p><em>Le printemps du conte fait un tabac dans les campagnes tarnaises. Des centaines de personnes, tous les week-ends, se pr\u00e9cipitent pour \u00e9couter les histoires fac\u00e9tieuses ou philosophiques des Tailleurs de mots.\u00a0\u00bb( La d\u00e9p\u00eache du midi 9 avril 1992)<\/em><\/p>\n<\/div>\n<\/div>\n\n\n\n<p><\/p>\n\n\n\n<p>Apr\u00e8s la dissolution des tailleurs de mots, quelques ann\u00e9es plus tard, nous continuerons seuls l&rsquo;aventure et contons d\u00e9sormais en duo. Nous retrouvons alors<strong> Le printemps du conte <\/strong>et sommes invit\u00e9s \u00e0 <strong>Tarn en po\u00e9sie <\/strong>et au<strong> festival de th\u00e9\u00e2tre d&rsquo;Albi <\/strong>avant de participer aux premiers <strong>Contes<\/strong> <strong>en balade<\/strong> en for\u00eat de Sivens.<\/p>\n\n\n\n<figure class=\"wp-block-image size-large\"><img loading=\"lazy\" decoding=\"async\" width=\"1024\" height=\"600\" src=\"https:\/\/nanejeanluc-vezinet.fr\/wp-content\/uploads\/2023\/09\/tailleurs-de-mots-nous-deux277-2-1024x600.jpg\" alt=\"\" class=\"wp-image-111\" srcset=\"https:\/\/nanejeanluc-vezinet.fr\/wp-content\/uploads\/2023\/09\/tailleurs-de-mots-nous-deux277-2-1024x600.jpg 1024w, https:\/\/nanejeanluc-vezinet.fr\/wp-content\/uploads\/2023\/09\/tailleurs-de-mots-nous-deux277-2-300x176.jpg 300w, https:\/\/nanejeanluc-vezinet.fr\/wp-content\/uploads\/2023\/09\/tailleurs-de-mots-nous-deux277-2-768x450.jpg 768w, https:\/\/nanejeanluc-vezinet.fr\/wp-content\/uploads\/2023\/09\/tailleurs-de-mots-nous-deux277-2-1536x900.jpg 1536w, https:\/\/nanejeanluc-vezinet.fr\/wp-content\/uploads\/2023\/09\/tailleurs-de-mots-nous-deux277-2-2048x1200.jpg 2048w\" sizes=\"auto, (max-width: 1024px) 100vw, 1024px\" \/><\/figure>\n\n\n\n<p>.<\/p>\n\n\n\n<h2 class=\"wp-block-heading has-large-font-size\"><em>&#8230;<\/em><em>et ensuite? Les contes toujours&#8230;<\/em><\/h2>\n\n\n\n<div class=\"wp-block-columns is-layout-flex wp-container-core-columns-is-layout-28f84493 wp-block-columns-is-layout-flex\">\n<div class=\"wp-block-column is-layout-flow wp-block-column-is-layout-flow\">\n<p><\/p>\n<\/div>\n<\/div>\n\n\n\n<div class=\"wp-block-columns is-layout-flex wp-container-core-columns-is-layout-28f84493 wp-block-columns-is-layout-flex\">\n<div class=\"wp-block-column is-layout-flow wp-block-column-is-layout-flow\" style=\"flex-basis:33.33%\">\n<figure class=\"wp-block-image size-large is-resized\"><img loading=\"lazy\" decoding=\"async\" src=\"https:\/\/nanejeanluc-vezinet.fr\/wp-content\/uploads\/2023\/09\/2ebf6a61640f74726e9208b04b389577-736x1024.jpg\" alt=\"\" class=\"wp-image-105\" style=\"width:227px;height:316px\" width=\"227\" height=\"316\" srcset=\"https:\/\/nanejeanluc-vezinet.fr\/wp-content\/uploads\/2023\/09\/2ebf6a61640f74726e9208b04b389577-736x1024.jpg 736w, https:\/\/nanejeanluc-vezinet.fr\/wp-content\/uploads\/2023\/09\/2ebf6a61640f74726e9208b04b389577-216x300.jpg 216w, https:\/\/nanejeanluc-vezinet.fr\/wp-content\/uploads\/2023\/09\/2ebf6a61640f74726e9208b04b389577-768x1068.jpg 768w, https:\/\/nanejeanluc-vezinet.fr\/wp-content\/uploads\/2023\/09\/2ebf6a61640f74726e9208b04b389577-1104x1536.jpg 1104w, https:\/\/nanejeanluc-vezinet.fr\/wp-content\/uploads\/2023\/09\/2ebf6a61640f74726e9208b04b389577.jpg 1365w\" sizes=\"auto, (max-width: 227px) 100vw, 227px\" \/><\/figure>\n<\/div>\n\n\n\n<div class=\"wp-block-column is-layout-flow wp-block-column-is-layout-flow\" style=\"flex-basis:66.66%\">\n<h4 class=\"wp-block-heading has-medium-font-size\">Notre travail de cr\u00e9ation se poursuit, une dizaine de spectacles de contes vont voir le jour. Le premier \u00ab\u00a0<em>La col\u00e8re des contes oubli\u00e9s<\/em>\u00a0\u00bb sera publi\u00e9 avec le concours de la mairie d&rsquo;Albi. Le Noctambule et surtout le th\u00e9\u00e2tre de la Croix-Blanche continuent de nous faire confiance et nous accueillent r\u00e9guli\u00e8rement. Nous y jouerons les premi\u00e8res de tous nos spectacles, accompagn\u00e9s par un public toujours aussi fid\u00e8le. Nous continuons nos activit\u00e9s en direction des scolaires comme nous le faisons encore aujourd&rsquo;hui. Nos premi\u00e8res publications nous am\u00e8nent \u00e0 participer aux salons du livre jeunesse.<\/h4>\n<\/div>\n<\/div>\n\n\n\n<p class=\"has-large-font-size\"> &nbsp; .<em>.<u>.mais aussi les chemins de traverse. &nbsp;&nbsp;&nbsp;&nbsp;<\/u><\/em><\/p>\n\n\n\n<div class=\"wp-block-columns is-layout-flex wp-container-core-columns-is-layout-28f84493 wp-block-columns-is-layout-flex\">\n<div class=\"wp-block-column is-layout-flow wp-block-column-is-layout-flow\"><\/div>\n<\/div>\n\n\n\n<div class=\"wp-block-columns is-layout-flex wp-container-core-columns-is-layout-28f84493 wp-block-columns-is-layout-flex\">\n<div class=\"wp-block-column is-layout-flow wp-block-column-is-layout-flow\">\n<figure class=\"wp-block-image size-large\"><img loading=\"lazy\" decoding=\"async\" width=\"687\" height=\"1024\" src=\"https:\/\/nanejeanluc-vezinet.fr\/wp-content\/uploads\/2023\/09\/844ad452a33c5545c5d9cadbc4c504ee-687x1024.jpg\" alt=\"\" class=\"wp-image-106\" srcset=\"https:\/\/nanejeanluc-vezinet.fr\/wp-content\/uploads\/2023\/09\/844ad452a33c5545c5d9cadbc4c504ee-687x1024.jpg 687w, https:\/\/nanejeanluc-vezinet.fr\/wp-content\/uploads\/2023\/09\/844ad452a33c5545c5d9cadbc4c504ee-201x300.jpg 201w, https:\/\/nanejeanluc-vezinet.fr\/wp-content\/uploads\/2023\/09\/844ad452a33c5545c5d9cadbc4c504ee-768x1144.jpg 768w, https:\/\/nanejeanluc-vezinet.fr\/wp-content\/uploads\/2023\/09\/844ad452a33c5545c5d9cadbc4c504ee-1031x1536.jpg 1031w, https:\/\/nanejeanluc-vezinet.fr\/wp-content\/uploads\/2023\/09\/844ad452a33c5545c5d9cadbc4c504ee.jpg 1082w\" sizes=\"auto, (max-width: 687px) 100vw, 687px\" \/><\/figure>\n<\/div>\n\n\n\n<div class=\"wp-block-column is-layout-flow wp-block-column-is-layout-flow\">\n<p><\/p>\n\n\n\n<p class=\"has-text-align-left\">En partenariat avec \u00ab\u00a0Chantaisie\u00a0\u00bbnous racontons<strong><em> Ferrat<\/em><\/strong> et <strong><em>Barbara.<\/em><\/strong><\/p>\n<\/div>\n\n\n\n<div class=\"wp-block-column is-layout-flow wp-block-column-is-layout-flow\">\n<figure class=\"wp-block-image size-full\"><img loading=\"lazy\" decoding=\"async\" width=\"395\" height=\"560\" src=\"https:\/\/nanejeanluc-vezinet.fr\/wp-content\/uploads\/2023\/09\/a3c53ee384223761ffe6a2e84e125a0f.png\" alt=\"\" class=\"wp-image-107\" srcset=\"https:\/\/nanejeanluc-vezinet.fr\/wp-content\/uploads\/2023\/09\/a3c53ee384223761ffe6a2e84e125a0f.png 395w, https:\/\/nanejeanluc-vezinet.fr\/wp-content\/uploads\/2023\/09\/a3c53ee384223761ffe6a2e84e125a0f-212x300.png 212w\" sizes=\"auto, (max-width: 395px) 100vw, 395px\" \/><\/figure>\n<\/div>\n<\/div>\n\n\n\n<div class=\"wp-block-columns is-layout-flex wp-container-core-columns-is-layout-28f84493 wp-block-columns-is-layout-flex\">\n<div class=\"wp-block-column is-layout-flow wp-block-column-is-layout-flow\">\n<p>En compagnie d&rsquo;Aurore, com\u00e9dienne et Marie-No\u00eblle conteuse, des vies de femmes se racontent: (ces spectacles ont re\u00e7u le soutien de la d\u00e9l\u00e9gation r\u00e9gionale aux droits des femmes et \u00e0 l&rsquo;\u00e9galit\u00e9.)<\/p>\n<\/div>\n<\/div>\n\n\n\n<div class=\"wp-block-columns is-layout-flex wp-container-core-columns-is-layout-28f84493 wp-block-columns-is-layout-flex\">\n<div class=\"wp-block-column is-layout-flow wp-block-column-is-layout-flow\">\n<figure class=\"wp-block-image size-large is-resized\"><img loading=\"lazy\" decoding=\"async\" src=\"https:\/\/nanejeanluc-vezinet.fr\/wp-content\/uploads\/2023\/09\/e7586f1dd3ae099c3ad57daecc8b6c50-724x1024.jpg\" alt=\"\" class=\"wp-image-112\" style=\"width:209px;height:296px\" width=\"209\" height=\"296\" srcset=\"https:\/\/nanejeanluc-vezinet.fr\/wp-content\/uploads\/2023\/09\/e7586f1dd3ae099c3ad57daecc8b6c50-724x1024.jpg 724w, https:\/\/nanejeanluc-vezinet.fr\/wp-content\/uploads\/2023\/09\/e7586f1dd3ae099c3ad57daecc8b6c50-212x300.jpg 212w, https:\/\/nanejeanluc-vezinet.fr\/wp-content\/uploads\/2023\/09\/e7586f1dd3ae099c3ad57daecc8b6c50-768x1086.jpg 768w, https:\/\/nanejeanluc-vezinet.fr\/wp-content\/uploads\/2023\/09\/e7586f1dd3ae099c3ad57daecc8b6c50-1086x1536.jpg 1086w, https:\/\/nanejeanluc-vezinet.fr\/wp-content\/uploads\/2023\/09\/e7586f1dd3ae099c3ad57daecc8b6c50.jpg 1240w\" sizes=\"auto, (max-width: 209px) 100vw, 209px\" \/><\/figure>\n<\/div>\n\n\n\n<div class=\"wp-block-column is-layout-flow wp-block-column-is-layout-flow\">\n<figure class=\"wp-block-image size-large is-resized\"><img loading=\"lazy\" decoding=\"async\" src=\"https:\/\/nanejeanluc-vezinet.fr\/wp-content\/uploads\/2023\/09\/a7019dfd1edd81f209c9eb0cd1135c90-696x1024.jpg\" alt=\"\" class=\"wp-image-113\" style=\"width:202px;height:297px\" width=\"202\" height=\"297\" srcset=\"https:\/\/nanejeanluc-vezinet.fr\/wp-content\/uploads\/2023\/09\/a7019dfd1edd81f209c9eb0cd1135c90-696x1024.jpg 696w, https:\/\/nanejeanluc-vezinet.fr\/wp-content\/uploads\/2023\/09\/a7019dfd1edd81f209c9eb0cd1135c90-204x300.jpg 204w, https:\/\/nanejeanluc-vezinet.fr\/wp-content\/uploads\/2023\/09\/a7019dfd1edd81f209c9eb0cd1135c90-768x1130.jpg 768w, https:\/\/nanejeanluc-vezinet.fr\/wp-content\/uploads\/2023\/09\/a7019dfd1edd81f209c9eb0cd1135c90.jpg 1004w\" sizes=\"auto, (max-width: 202px) 100vw, 202px\" \/><\/figure>\n<\/div>\n\n\n\n<div class=\"wp-block-column is-layout-flow wp-block-column-is-layout-flow\">\n<figure class=\"wp-block-image size-large is-resized\"><img loading=\"lazy\" decoding=\"async\" src=\"https:\/\/nanejeanluc-vezinet.fr\/wp-content\/uploads\/2023\/09\/120e22670da661558bd77dc9be5100c0-693x1024.jpg\" alt=\"\" class=\"wp-image-109\" style=\"width:198px;height:292px\" width=\"198\" height=\"292\" srcset=\"https:\/\/nanejeanluc-vezinet.fr\/wp-content\/uploads\/2023\/09\/120e22670da661558bd77dc9be5100c0-693x1024.jpg 693w, https:\/\/nanejeanluc-vezinet.fr\/wp-content\/uploads\/2023\/09\/120e22670da661558bd77dc9be5100c0-203x300.jpg 203w, https:\/\/nanejeanluc-vezinet.fr\/wp-content\/uploads\/2023\/09\/120e22670da661558bd77dc9be5100c0-768x1135.jpg 768w, https:\/\/nanejeanluc-vezinet.fr\/wp-content\/uploads\/2023\/09\/120e22670da661558bd77dc9be5100c0-1039x1536.jpg 1039w, https:\/\/nanejeanluc-vezinet.fr\/wp-content\/uploads\/2023\/09\/120e22670da661558bd77dc9be5100c0.jpg 1285w\" sizes=\"auto, (max-width: 198px) 100vw, 198px\" \/><figcaption class=\"wp-element-caption\">  <\/figcaption><\/figure>\n<\/div>\n<\/div>\n\n\n\n<div class=\"wp-block-columns is-layout-flex wp-container-core-columns-is-layout-28f84493 wp-block-columns-is-layout-flex\">\n<div class=\"wp-block-column is-layout-flow wp-block-column-is-layout-flow\">\n<figure class=\"wp-block-image size-large\"><img loading=\"lazy\" decoding=\"async\" width=\"665\" height=\"1024\" src=\"https:\/\/nanejeanluc-vezinet.fr\/wp-content\/uploads\/2023\/09\/tailleurs-de-mots-nous-deux285-2-665x1024.jpg\" alt=\"\" class=\"wp-image-118\" srcset=\"https:\/\/nanejeanluc-vezinet.fr\/wp-content\/uploads\/2023\/09\/tailleurs-de-mots-nous-deux285-2-665x1024.jpg 665w, https:\/\/nanejeanluc-vezinet.fr\/wp-content\/uploads\/2023\/09\/tailleurs-de-mots-nous-deux285-2-195x300.jpg 195w, https:\/\/nanejeanluc-vezinet.fr\/wp-content\/uploads\/2023\/09\/tailleurs-de-mots-nous-deux285-2-768x1182.jpg 768w, https:\/\/nanejeanluc-vezinet.fr\/wp-content\/uploads\/2023\/09\/tailleurs-de-mots-nous-deux285-2-998x1536.jpg 998w, https:\/\/nanejeanluc-vezinet.fr\/wp-content\/uploads\/2023\/09\/tailleurs-de-mots-nous-deux285-2.jpg 1092w\" sizes=\"auto, (max-width: 665px) 100vw, 665px\" \/><\/figure>\n<\/div>\n\n\n\n<div class=\"wp-block-column is-layout-flow wp-block-column-is-layout-flow\">\n<h3 class=\"wp-block-heading has-medium-font-size\">Le spectacle <em>&lsquo;<strong>Continuons de gravir les pentes<\/strong><\/em>\u00a0\u00bb est n\u00e9 d&rsquo;une rencontre entre Nane et Lucie Aubrac. Il relate ses principaux faits de r\u00e9sistance durant la seconde guerre mondiale. Lucie et Raymond&nbsp; Aubrac nous feront l&rsquo;honneur&nbsp; de leur pr\u00e9sence le soir de la premi\u00e8re au festival de th\u00e9\u00e2tre d&rsquo;Albi.<\/h3>\n<\/div>\n\n\n\n<div class=\"wp-block-column is-layout-flow wp-block-column-is-layout-flow\">\n<figure class=\"wp-block-image size-full\"><img loading=\"lazy\" decoding=\"async\" width=\"587\" height=\"592\" src=\"https:\/\/nanejeanluc-vezinet.fr\/wp-content\/uploads\/2023\/09\/dbc0022ad85ca276ea8ee5bda359a0c7.jpg\" alt=\"\" class=\"wp-image-115\" srcset=\"https:\/\/nanejeanluc-vezinet.fr\/wp-content\/uploads\/2023\/09\/dbc0022ad85ca276ea8ee5bda359a0c7.jpg 587w, https:\/\/nanejeanluc-vezinet.fr\/wp-content\/uploads\/2023\/09\/dbc0022ad85ca276ea8ee5bda359a0c7-297x300.jpg 297w, https:\/\/nanejeanluc-vezinet.fr\/wp-content\/uploads\/2023\/09\/dbc0022ad85ca276ea8ee5bda359a0c7-150x150.jpg 150w\" sizes=\"auto, (max-width: 587px) 100vw, 587px\" \/><\/figure>\n<\/div>\n<\/div>\n\n\n\n<div class=\"wp-block-columns is-layout-flex wp-container-core-columns-is-layout-28f84493 wp-block-columns-is-layout-flex\">\n<div class=\"wp-block-column is-layout-flow wp-block-column-is-layout-flow\">\n<figure class=\"wp-block-image size-large\"><img loading=\"lazy\" decoding=\"async\" width=\"731\" height=\"1024\" src=\"https:\/\/nanejeanluc-vezinet.fr\/wp-content\/uploads\/2023\/09\/326f770e54c6211387d2054b011421b2-731x1024.jpg\" alt=\"\" class=\"wp-image-117\" srcset=\"https:\/\/nanejeanluc-vezinet.fr\/wp-content\/uploads\/2023\/09\/326f770e54c6211387d2054b011421b2-731x1024.jpg 731w, https:\/\/nanejeanluc-vezinet.fr\/wp-content\/uploads\/2023\/09\/326f770e54c6211387d2054b011421b2-214x300.jpg 214w, https:\/\/nanejeanluc-vezinet.fr\/wp-content\/uploads\/2023\/09\/326f770e54c6211387d2054b011421b2-768x1075.jpg 768w, https:\/\/nanejeanluc-vezinet.fr\/wp-content\/uploads\/2023\/09\/326f770e54c6211387d2054b011421b2-1097x1536.jpg 1097w, https:\/\/nanejeanluc-vezinet.fr\/wp-content\/uploads\/2023\/09\/326f770e54c6211387d2054b011421b2.jpg 1357w\" sizes=\"auto, (max-width: 731px) 100vw, 731px\" \/><\/figure>\n<\/div>\n\n\n\n<div class=\"wp-block-column is-layout-flow wp-block-column-is-layout-flow\">\n<h3 class=\"wp-block-heading has-medium-font-size\">.<em><u>\u00ab\u00a0<\/u><\/em><strong><em><u>Les enfants d&rsquo;Izieu\u00a0\u00bb<\/u><\/em><\/strong> Une page sombre de notre histoire &#8212; celle de 44 enfants juifs assassin\u00e9s &#8212; racont\u00e9e dans le beau texte de Rolande Causse a donn\u00e9 naissance \u00e0 ce spectacle accueilli par le th\u00e9\u00e2tre municipal d&rsquo;Albi, en pr\u00e9sence de l&rsquo;auteure.<\/h3>\n<\/div>\n\n\n\n<div class=\"wp-block-column is-layout-flow wp-block-column-is-layout-flow\">\n<figure class=\"wp-block-image size-large\"><img loading=\"lazy\" decoding=\"async\" width=\"721\" height=\"1024\" src=\"https:\/\/nanejeanluc-vezinet.fr\/wp-content\/uploads\/2023\/09\/875a6c3612e7e236b05533be2be3f7ed-721x1024.jpg\" alt=\"\" class=\"wp-image-116\" srcset=\"https:\/\/nanejeanluc-vezinet.fr\/wp-content\/uploads\/2023\/09\/875a6c3612e7e236b05533be2be3f7ed-721x1024.jpg 721w, https:\/\/nanejeanluc-vezinet.fr\/wp-content\/uploads\/2023\/09\/875a6c3612e7e236b05533be2be3f7ed-211x300.jpg 211w, https:\/\/nanejeanluc-vezinet.fr\/wp-content\/uploads\/2023\/09\/875a6c3612e7e236b05533be2be3f7ed-768x1091.jpg 768w, https:\/\/nanejeanluc-vezinet.fr\/wp-content\/uploads\/2023\/09\/875a6c3612e7e236b05533be2be3f7ed-1082x1536.jpg 1082w, https:\/\/nanejeanluc-vezinet.fr\/wp-content\/uploads\/2023\/09\/875a6c3612e7e236b05533be2be3f7ed.jpg 1338w\" sizes=\"auto, (max-width: 721px) 100vw, 721px\" \/><\/figure>\n<\/div>\n<\/div>\n\n\n\n<p><\/p>\n","protected":false},"excerpt":{"rendered":"<p>Le conte se rit des modes, des \u00e9poques et des fronti\u00e8res. L&rsquo;air de rien, il s&rsquo;installe chez les conteurs, les habite, les nourrit et les embarque parfois dans les r\u00eaves et les possibles. Une histoire d&rsquo;hier, dite aujourd&rsquo;hui pour demain. D\u00e9buts et premiers succ\u00e8s&#8230; 1990 : Apr\u00e8s s&rsquo;\u00eatre successivement form\u00e9s \u00e0 l&rsquo;art de conter avec [&hellip;]<\/p>\n","protected":false},"author":1,"featured_media":0,"parent":0,"menu_order":0,"comment_status":"closed","ping_status":"closed","template":"","meta":{"footnotes":""},"class_list":["post-102","page","type-page","status-publish","hentry"],"_links":{"self":[{"href":"https:\/\/nanejeanluc-vezinet.fr\/index.php\/wp-json\/wp\/v2\/pages\/102","targetHints":{"allow":["GET"]}}],"collection":[{"href":"https:\/\/nanejeanluc-vezinet.fr\/index.php\/wp-json\/wp\/v2\/pages"}],"about":[{"href":"https:\/\/nanejeanluc-vezinet.fr\/index.php\/wp-json\/wp\/v2\/types\/page"}],"author":[{"embeddable":true,"href":"https:\/\/nanejeanluc-vezinet.fr\/index.php\/wp-json\/wp\/v2\/users\/1"}],"replies":[{"embeddable":true,"href":"https:\/\/nanejeanluc-vezinet.fr\/index.php\/wp-json\/wp\/v2\/comments?post=102"}],"version-history":[{"count":5,"href":"https:\/\/nanejeanluc-vezinet.fr\/index.php\/wp-json\/wp\/v2\/pages\/102\/revisions"}],"predecessor-version":[{"id":120,"href":"https:\/\/nanejeanluc-vezinet.fr\/index.php\/wp-json\/wp\/v2\/pages\/102\/revisions\/120"}],"wp:attachment":[{"href":"https:\/\/nanejeanluc-vezinet.fr\/index.php\/wp-json\/wp\/v2\/media?parent=102"}],"curies":[{"name":"wp","href":"https:\/\/api.w.org\/{rel}","templated":true}]}}